{"id":65,"date":"2022-07-05T11:33:03","date_gmt":"2022-07-05T11:33:03","guid":{"rendered":"https:\/\/laptiterigolade.ch\/wordpress\/?page_id=65"},"modified":"2022-07-07T18:45:21","modified_gmt":"2022-07-07T18:45:21","slug":"contact","status":"publish","type":"page","link":"https:\/\/laptiterigolade.ch\/index.php\/contact\/","title":{"rendered":"Contact"},"content":{"rendered":"\t\t<div data-elementor-type=\"wp-page\" data-elementor-id=\"65\" class=\"elementor elementor-65\">\n\t\t\t\t\t\t\t\t\t<section class=\"elementor-section elementor-top-section elementor-element elementor-element-647b304d elementor-section-boxed elementor-section-height-default elementor-section-height-default\" data-id=\"647b304d\" data-element_type=\"section\">\n\t\t\t\t\t\t<div class=\"elementor-container elementor-column-gap-default\">\n\t\t\t\t\t<div class=\"elementor-column elementor-col-100 elementor-top-column elementor-element elementor-element-dd03f35\" data-id=\"dd03f35\" data-element_type=\"column\">\n\t\t\t<div class=\"elementor-widget-wrap elementor-element-populated\">\n\t\t\t\t\t\t\t\t<div class=\"elementor-element elementor-element-5775145b elementor-widget elementor-widget-text-editor\" data-id=\"5775145b\" data-element_type=\"widget\" data-widget_type=\"text-editor.default\">\n\t\t\t\t<div class=\"elementor-widget-container\">\n\t\t\t<style>\/*! elementor - v3.6.7 - 03-07-2022 *\/\n.elementor-widget-text-editor.elementor-drop-cap-view-stacked .elementor-drop-cap{background-color:#818a91;color:#fff}.elementor-widget-text-editor.elementor-drop-cap-view-framed .elementor-drop-cap{color:#818a91;border:3px solid;background-color:transparent}.elementor-widget-text-editor:not(.elementor-drop-cap-view-default) .elementor-drop-cap{margin-top:8px}.elementor-widget-text-editor:not(.elementor-drop-cap-view-default) .elementor-drop-cap-letter{width:1em;height:1em}.elementor-widget-text-editor .elementor-drop-cap{float:left;text-align:center;line-height:1;font-size:50px}.elementor-widget-text-editor .elementor-drop-cap-letter{display:inline-block}<\/style>\t\t\t\t<p><!-- wp:paragraph --><\/p>\n<p>Nous r\u00e9pondons \u00e0 vos questions par email \u00e0 info@laptiterigolade.ch.<\/p>\n<p><!-- \/wp:paragraph --><\/p>\t\t\t\t\t\t<\/div>\n\t\t\t\t<\/div>\n\t\t\t\t\t<\/div>\n\t\t<\/div>\n\t\t\t\t\t\t\t<\/div>\n\t\t<\/section>\n\t\t\t\t<section class=\"elementor-section elementor-top-section elementor-element elementor-element-66e3575 elementor-section-boxed elementor-section-height-default elementor-section-height-default\" data-id=\"66e3575\" data-element_type=\"section\">\n\t\t\t\t\t\t<div class=\"elementor-container elementor-column-gap-default\">\n\t\t\t\t\t<div class=\"elementor-column elementor-col-100 elementor-top-column elementor-element elementor-element-208afcd\" data-id=\"208afcd\" data-element_type=\"column\">\n\t\t\t<div class=\"elementor-widget-wrap elementor-element-populated\">\n\t\t\t\t\t\t\t\t<div class=\"elementor-element elementor-element-3a5e4ae elementor-widget elementor-widget-image\" data-id=\"3a5e4ae\" data-element_type=\"widget\" data-widget_type=\"image.default\">\n\t\t\t\t<div class=\"elementor-widget-container\">\n\t\t\t<style>\/*! elementor - v3.6.7 - 03-07-2022 *\/\n.elementor-widget-image{text-align:center}.elementor-widget-image a{display:inline-block}.elementor-widget-image a img[src$=\".svg\"]{width:48px}.elementor-widget-image img{vertical-align:middle;display:inline-block}<\/style>\t\t\t\t\t\t\t\t\t\t\t\t<img loading=\"lazy\" decoding=\"async\" width=\"525\" height=\"459\" src=\"https:\/\/laptiterigolade.ch\/wp-content\/uploads\/2022\/07\/Artistes-1-1024x895.png\" class=\"attachment-large size-large\" alt=\"\" srcset=\"https:\/\/laptiterigolade.ch\/wp-content\/uploads\/2022\/07\/Artistes-1-1024x895.png 1024w, https:\/\/laptiterigolade.ch\/wp-content\/uploads\/2022\/07\/Artistes-1-300x262.png 300w, https:\/\/laptiterigolade.ch\/wp-content\/uploads\/2022\/07\/Artistes-1-768x671.png 768w, https:\/\/laptiterigolade.ch\/wp-content\/uploads\/2022\/07\/Artistes-1-1536x1343.png 1536w, https:\/\/laptiterigolade.ch\/wp-content\/uploads\/2022\/07\/Artistes-1-2048x1790.png 2048w\" sizes=\"auto, 100vw\" \/>\t\t\t\t\t\t\t\t\t\t\t\t\t\t\t<\/div>\n\t\t\t\t<\/div>\n\t\t\t\t\t<\/div>\n\t\t<\/div>\n\t\t\t\t\t\t\t<\/div>\n\t\t<\/section>\n\t\t\t\t\t\t\t<\/div>\n\t\t","protected":false},"excerpt":{"rendered":"<p>Nous r\u00e9pondons \u00e0 vos questions par email \u00e0 info@laptiterigolade.ch.<\/p>\n","protected":false},"author":1,"featured_media":0,"parent":0,"menu_order":0,"comment_status":"closed","ping_status":"closed","template":"","meta":{"footnotes":""},"class_list":["post-65","page","type-page","status-publish","hentry"],"_links":{"self":[{"href":"https:\/\/laptiterigolade.ch\/index.php\/wp-json\/wp\/v2\/pages\/65","targetHints":{"allow":["GET"]}}],"collection":[{"href":"https:\/\/laptiterigolade.ch\/index.php\/wp-json\/wp\/v2\/pages"}],"about":[{"href":"https:\/\/laptiterigolade.ch\/index.php\/wp-json\/wp\/v2\/types\/page"}],"author":[{"embeddable":true,"href":"https:\/\/laptiterigolade.ch\/index.php\/wp-json\/wp\/v2\/users\/1"}],"replies":[{"embeddable":true,"href":"https:\/\/laptiterigolade.ch\/index.php\/wp-json\/wp\/v2\/comments?post=65"}],"version-history":[{"count":27,"href":"https:\/\/laptiterigolade.ch\/index.php\/wp-json\/wp\/v2\/pages\/65\/revisions"}],"predecessor-version":[{"id":251,"href":"https:\/\/laptiterigolade.ch\/index.php\/wp-json\/wp\/v2\/pages\/65\/revisions\/251"}],"wp:attachment":[{"href":"https:\/\/laptiterigolade.ch\/index.php\/wp-json\/wp\/v2\/media?parent=65"}],"curies":[{"name":"wp","href":"https:\/\/api.w.org\/{rel}","templated":true}]}}